{"id":15,"date":"2022-09-29T10:35:04","date_gmt":"2022-09-29T14:35:04","guid":{"rendered":"https:\/\/formulaires.gi.polymtl.ca\/?page_id=15"},"modified":"2024-12-03T09:43:39","modified_gmt":"2024-12-03T14:43:39","slug":"formulaires-gigl","status":"publish","type":"page","link":"https:\/\/formulaires.gi.polymtl.ca\/","title":{"rendered":"\u00c9cole Polytechnique:  Departement de g\u00e9nie logiciel et g\u00e9nie informatique"},"content":{"rendered":"<h5>Formulaires disponibles:<\/h5>\n<ul>\n<li><a href=\"https:\/\/formulaires.gi.polymtl.ca\/index.php\/gestion-cheminement\/\">Bacc:\u00a0 Gestion Cheminement<\/a><\/li>\n<li><a href=\"https:\/\/formulaires.gi.polymtl.ca\/index.php\/planificationegs\/\">ES: Directeur de recherche<\/a><\/li>\n<\/ul>\n","protected":false},"excerpt":{"rendered":"<p>Formulaires disponibles: Bacc:\u00a0 Gestion Cheminement ES: Directeur de recherche<\/p>\n","protected":false},"author":1,"featured_media":18,"parent":0,"menu_order":0,"comment_status":"closed","ping_status":"closed","template":"","meta":{"_lmt_disableupdate":"no","_lmt_disable":"","footnotes":""},"class_list":["post-15","page","type-page","status-publish","has-post-thumbnail","hentry"],"_links":{"self":[{"href":"https:\/\/formulaires.gi.polymtl.ca\/index.php\/wp-json\/wp\/v2\/pages\/15","targetHints":{"allow":["GET"]}}],"collection":[{"href":"https:\/\/formulaires.gi.polymtl.ca\/index.php\/wp-json\/wp\/v2\/pages"}],"about":[{"href":"https:\/\/formulaires.gi.polymtl.ca\/index.php\/wp-json\/wp\/v2\/types\/page"}],"author":[{"embeddable":true,"href":"https:\/\/formulaires.gi.polymtl.ca\/index.php\/wp-json\/wp\/v2\/users\/1"}],"replies":[{"embeddable":true,"href":"https:\/\/formulaires.gi.polymtl.ca\/index.php\/wp-json\/wp\/v2\/comments?post=15"}],"version-history":[{"count":38,"href":"https:\/\/formulaires.gi.polymtl.ca\/index.php\/wp-json\/wp\/v2\/pages\/15\/revisions"}],"predecessor-version":[{"id":202,"href":"https:\/\/formulaires.gi.polymtl.ca\/index.php\/wp-json\/wp\/v2\/pages\/15\/revisions\/202"}],"wp:featuredmedia":[{"embeddable":true,"href":"https:\/\/formulaires.gi.polymtl.ca\/index.php\/wp-json\/wp\/v2\/media\/18"}],"wp:attachment":[{"href":"https:\/\/formulaires.gi.polymtl.ca\/index.php\/wp-json\/wp\/v2\/media?parent=15"}],"curies":[{"name":"wp","href":"https:\/\/api.w.org\/{rel}","templated":true}]}}